{"id":70,"date":"2024-06-05T21:56:34","date_gmt":"2024-06-05T21:56:34","guid":{"rendered":"https:\/\/candyoldguitars.com\/?page_id=70"},"modified":"2026-02-28T10:16:18","modified_gmt":"2026-02-28T10:16:18","slug":"guitarras","status":"publish","type":"page","link":"https:\/\/candyoldguitars.com\/?page_id=70","title":{"rendered":"Nota legal"},"content":{"rendered":"\n<p>Nuestras guitarras pueden incluir una combinaci\u00f3n de componentes OEM, hechos a medida y con marca registrada o piezas con licencia. Las piezas y componentes con marca registrada, cuando se incorporan, se obtienen de proveedores con licencia en las condiciones requeridas, aprobadas y ofrecidas por dichos licenciatarios. Candyoldguitars no est\u00e1 patrocinada, asociada, aprobada, respaldada ni afiliada de ninguna manera a Fender\u00ae, Gibson\u00ae, CTS\u00ae, Switchcraft\u00ae, Kluson\u00ae o Cornell Dubilier\u00ae. Cualquiera de estas marcas, si se mencionan en nuestra documentaci\u00f3n, son marcas registradas de sus respectivos propietarios. Cualquier menci\u00f3n de nombres de marcas registradas u otras marcas se hace \u00fanicamente con fines de referencia. Candyoldguitars no asume ninguna responsabilidad por los nombres de modelos incorrectos en los informes de los medios de comunicaci\u00f3n, especialmente cuando dichos nombres pueden causar confusi\u00f3n con modelos de otros fabricantes de guitarras.<\/p>\n\n\n\n<p><\/p>\n","protected":false},"excerpt":{"rendered":"<p>Nuestras guitarras pueden incluir una combinaci\u00f3n de componentes OEM, hechos a medida y con marca registrada o piezas con licencia. Las piezas y componentes con marca registrada, cuando se incorporan, se obtienen de proveedores con licencia en las condiciones requeridas, aprobadas y ofrecidas por dichos licenciatarios. Candyoldguitars no est\u00e1 patrocinada, asociada, aprobada, respaldada ni afiliada [&hellip;]<\/p>\n","protected":false},"author":1,"featured_media":0,"parent":0,"menu_order":0,"comment_status":"closed","ping_status":"closed","template":"","meta":{"footnotes":""},"class_list":["post-70","page","type-page","status-publish","hentry"],"yoast_head":"<!-- This site is optimized with the Yoast SEO plugin v23.1 - https:\/\/yoast.com\/wordpress\/plugins\/seo\/ -->\n<title>Nota legal - Candy Old Guitars<\/title>\n<meta name=\"robots\" content=\"index, follow, max-snippet:-1, max-image-preview:large, max-video-preview:-1\" \/>\n<link rel=\"canonical\" href=\"https:\/\/candyoldguitars.com\/?page_id=70\" \/>\n<meta property=\"og:locale\" content=\"es_ES\" \/>\n<meta property=\"og:type\" content=\"article\" \/>\n<meta property=\"og:title\" content=\"Nota legal - Candy Old Guitars\" \/>\n<meta property=\"og:description\" content=\"Nuestras guitarras pueden incluir una combinaci\u00f3n de componentes OEM, hechos a medida y con marca registrada o piezas con licencia. Las piezas y componentes con marca registrada, cuando se incorporan, se obtienen de proveedores con licencia en las condiciones requeridas, aprobadas y ofrecidas por dichos licenciatarios. Candyoldguitars no est\u00e1 patrocinada, asociada, aprobada, respaldada ni afiliada [&hellip;]\" \/>\n<meta property=\"og:url\" content=\"https:\/\/candyoldguitars.com\/?page_id=70\" \/>\n<meta property=\"og:site_name\" content=\"Candy Old Guitars\" \/>\n<meta property=\"article:modified_time\" content=\"2026-02-28T10:16:18+00:00\" \/>\n<meta name=\"twitter:card\" content=\"summary_large_image\" \/>\n<meta name=\"twitter:label1\" content=\"Tiempo de lectura\" \/>\n\t<meta name=\"twitter:data1\" content=\"1 minuto\" \/>\n<script type=\"application\/ld+json\" class=\"yoast-schema-graph\">{\"@context\":\"https:\/\/schema.org\",\"@graph\":[{\"@type\":\"WebPage\",\"@id\":\"https:\/\/candyoldguitars.com\/?page_id=70\",\"url\":\"https:\/\/candyoldguitars.com\/?page_id=70\",\"name\":\"Nota legal - Candy Old Guitars\",\"isPartOf\":{\"@id\":\"https:\/\/candyoldguitars.com\/#website\"},\"datePublished\":\"2024-06-05T21:56:34+00:00\",\"dateModified\":\"2026-02-28T10:16:18+00:00\",\"breadcrumb\":{\"@id\":\"https:\/\/candyoldguitars.com\/?page_id=70#breadcrumb\"},\"inLanguage\":\"es\",\"potentialAction\":[{\"@type\":\"ReadAction\",\"target\":[\"https:\/\/candyoldguitars.com\/?page_id=70\"]}]},{\"@type\":\"BreadcrumbList\",\"@id\":\"https:\/\/candyoldguitars.com\/?page_id=70#breadcrumb\",\"itemListElement\":[{\"@type\":\"ListItem\",\"position\":1,\"name\":\"Portada\",\"item\":\"https:\/\/candyoldguitars.com\/\"},{\"@type\":\"ListItem\",\"position\":2,\"name\":\"Nota legal\"}]},{\"@type\":\"WebSite\",\"@id\":\"https:\/\/candyoldguitars.com\/#website\",\"url\":\"https:\/\/candyoldguitars.com\/\",\"name\":\"Candy Old Guitars\",\"description\":\"Vintage guitars inspired by 50s and 60s.\",\"publisher\":{\"@id\":\"https:\/\/candyoldguitars.com\/#organization\"},\"potentialAction\":[{\"@type\":\"SearchAction\",\"target\":{\"@type\":\"EntryPoint\",\"urlTemplate\":\"https:\/\/candyoldguitars.com\/?s={search_term_string}\"},\"query-input\":\"required name=search_term_string\"}],\"inLanguage\":\"es\"},{\"@type\":\"Organization\",\"@id\":\"https:\/\/candyoldguitars.com\/#organization\",\"name\":\"Candy Old Guitars\",\"url\":\"https:\/\/candyoldguitars.com\/\",\"logo\":{\"@type\":\"ImageObject\",\"inLanguage\":\"es\",\"@id\":\"https:\/\/candyoldguitars.com\/#\/schema\/logo\/image\/\",\"url\":\"https:\/\/candyoldguitars.com\/wp-content\/uploads\/2024\/01\/logo_sn.png\",\"contentUrl\":\"https:\/\/candyoldguitars.com\/wp-content\/uploads\/2024\/01\/logo_sn.png\",\"width\":1047,\"height\":535,\"caption\":\"Candy Old Guitars\"},\"image\":{\"@id\":\"https:\/\/candyoldguitars.com\/#\/schema\/logo\/image\/\"},\"sameAs\":[\"https:\/\/www.instagram.com\/candyoldguitars\/\"]}]}<\/script>\n<!-- \/ Yoast SEO plugin. -->","yoast_head_json":{"title":"Nota legal - Candy Old Guitars","robots":{"index":"index","follow":"follow","max-snippet":"max-snippet:-1","max-image-preview":"max-image-preview:large","max-video-preview":"max-video-preview:-1"},"canonical":"https:\/\/candyoldguitars.com\/?page_id=70","og_locale":"es_ES","og_type":"article","og_title":"Nota legal - Candy Old Guitars","og_description":"Nuestras guitarras pueden incluir una combinaci\u00f3n de componentes OEM, hechos a medida y con marca registrada o piezas con licencia. Las piezas y componentes con marca registrada, cuando se incorporan, se obtienen de proveedores con licencia en las condiciones requeridas, aprobadas y ofrecidas por dichos licenciatarios. Candyoldguitars no est\u00e1 patrocinada, asociada, aprobada, respaldada ni afiliada [&hellip;]","og_url":"https:\/\/candyoldguitars.com\/?page_id=70","og_site_name":"Candy Old Guitars","article_modified_time":"2026-02-28T10:16:18+00:00","twitter_card":"summary_large_image","twitter_misc":{"Tiempo de lectura":"1 minuto"},"schema":{"@context":"https:\/\/schema.org","@graph":[{"@type":"WebPage","@id":"https:\/\/candyoldguitars.com\/?page_id=70","url":"https:\/\/candyoldguitars.com\/?page_id=70","name":"Nota legal - Candy Old Guitars","isPartOf":{"@id":"https:\/\/candyoldguitars.com\/#website"},"datePublished":"2024-06-05T21:56:34+00:00","dateModified":"2026-02-28T10:16:18+00:00","breadcrumb":{"@id":"https:\/\/candyoldguitars.com\/?page_id=70#breadcrumb"},"inLanguage":"es","potentialAction":[{"@type":"ReadAction","target":["https:\/\/candyoldguitars.com\/?page_id=70"]}]},{"@type":"BreadcrumbList","@id":"https:\/\/candyoldguitars.com\/?page_id=70#breadcrumb","itemListElement":[{"@type":"ListItem","position":1,"name":"Portada","item":"https:\/\/candyoldguitars.com\/"},{"@type":"ListItem","position":2,"name":"Nota legal"}]},{"@type":"WebSite","@id":"https:\/\/candyoldguitars.com\/#website","url":"https:\/\/candyoldguitars.com\/","name":"Candy Old Guitars","description":"Vintage guitars inspired by 50s and 60s.","publisher":{"@id":"https:\/\/candyoldguitars.com\/#organization"},"potentialAction":[{"@type":"SearchAction","target":{"@type":"EntryPoint","urlTemplate":"https:\/\/candyoldguitars.com\/?s={search_term_string}"},"query-input":"required name=search_term_string"}],"inLanguage":"es"},{"@type":"Organization","@id":"https:\/\/candyoldguitars.com\/#organization","name":"Candy Old Guitars","url":"https:\/\/candyoldguitars.com\/","logo":{"@type":"ImageObject","inLanguage":"es","@id":"https:\/\/candyoldguitars.com\/#\/schema\/logo\/image\/","url":"https:\/\/candyoldguitars.com\/wp-content\/uploads\/2024\/01\/logo_sn.png","contentUrl":"https:\/\/candyoldguitars.com\/wp-content\/uploads\/2024\/01\/logo_sn.png","width":1047,"height":535,"caption":"Candy Old Guitars"},"image":{"@id":"https:\/\/candyoldguitars.com\/#\/schema\/logo\/image\/"},"sameAs":["https:\/\/www.instagram.com\/candyoldguitars\/"]}]}},"_links":{"self":[{"href":"https:\/\/candyoldguitars.com\/index.php?rest_route=\/wp\/v2\/pages\/70","targetHints":{"allow":["GET"]}}],"collection":[{"href":"https:\/\/candyoldguitars.com\/index.php?rest_route=\/wp\/v2\/pages"}],"about":[{"href":"https:\/\/candyoldguitars.com\/index.php?rest_route=\/wp\/v2\/types\/page"}],"author":[{"embeddable":true,"href":"https:\/\/candyoldguitars.com\/index.php?rest_route=\/wp\/v2\/users\/1"}],"replies":[{"embeddable":true,"href":"https:\/\/candyoldguitars.com\/index.php?rest_route=%2Fwp%2Fv2%2Fcomments&post=70"}],"version-history":[{"count":7,"href":"https:\/\/candyoldguitars.com\/index.php?rest_route=\/wp\/v2\/pages\/70\/revisions"}],"predecessor-version":[{"id":139,"href":"https:\/\/candyoldguitars.com\/index.php?rest_route=\/wp\/v2\/pages\/70\/revisions\/139"}],"wp:attachment":[{"href":"https:\/\/candyoldguitars.com\/index.php?rest_route=%2Fwp%2Fv2%2Fmedia&parent=70"}],"curies":[{"name":"wp","href":"https:\/\/api.w.org\/{rel}","templated":true}]}}